{"id":1958,"date":"2017-12-16T14:46:41","date_gmt":"2017-12-16T14:46:41","guid":{"rendered":"http:\/\/probocaclinic.com\/?page_id=1958"},"modified":"2021-05-03T13:22:36","modified_gmt":"2021-05-03T13:22:36","slug":"implantologia","status":"publish","type":"page","link":"https:\/\/probocaclinic.com\/ca\/implantologia\/","title":{"rendered":"IMPLANTOLOGIA"},"content":{"rendered":"<div class=\"wpb-content-wrapper\">[vc_row full_width=&#8221;stretch_row_content&#8221; bg_type=&#8221;image&#8221; parallax_style=&#8221;vcpb-default&#8221; bg_image_new=&#8221;id^1819|url^http:\/\/probocaclinic.com\/wp-content\/uploads\/2017\/11\/IMG_2560.jpg|caption^null|alt^Fondo titulo|title^Fondo titulo|description^null&#8221; bg_image_repeat=&#8221;no-repeat&#8221; css=&#8221;.vc_custom_1510864240481{margin-top: -100px !important;}&#8221;][vc_column][vc_empty_space][vc_custom_heading text=&#8221;IMPLANTOLOGIA&#8221; font_container=&#8221;tag:h3|text_align:center|color:%23ffffff&#8221; use_theme_fonts=&#8221;yes&#8221;][vc_empty_space height=&#8221;60px&#8221;][\/vc_column][\/vc_row][vc_row][vc_column][vc_row_inner][vc_column_inner width=&#8221;1\/2&#8243;][vc_single_image image=&#8221;1843&#8243; img_size=&#8221;full&#8221;][\/vc_column_inner][vc_column_inner width=&#8221;1\/2&#8243;][vc_custom_heading text=&#8221;TRACTAMENTS DE IMPLANTOLOGIA&#8221; font_container=&#8221;tag:h4|text_align:left|color:%2364491b&#8221; use_theme_fonts=&#8221;yes&#8221;][vc_column_text]La\u00a0implantologia\u00a0dental es basa en fixacions de titani col\u00b7locades en l&#8217;os maxil\u00b7lar que fan les funci\u00f3 de l&#8217;arrel de la dent.\u00a0Una vegada col\u00b7locats en l&#8217;os es podran posar diferents tipus de pr\u00f2tesis sobre ells depenent de diferents par\u00e0metres. Quant mes llarg i gruix sigui l&#8217;implant dental major ser\u00e0 la resist\u00e8ncia i per tant major c\u00e0rrega de dents podr\u00e0 suportar.[\/vc_column_text][\/vc_column_inner][\/vc_row_inner][\/vc_column][\/vc_row][vc_row][vc_column][vc_empty_space height=&#8221;20px&#8221;][vc_custom_heading text=&#8221;SERVEI DE IMPLANTOLOGIA&#8221; font_container=&#8221;tag:h4|text_align:center|color:%2364491b&#8221; use_theme_fonts=&#8221;yes&#8221;][vc_separator color=&#8221;custom&#8221; border_width=&#8221;3&#8243; el_width=&#8221;10&#8243; accent_color=&#8221;#64491b&#8221;][vc_tta_accordion color=&#8221;white&#8221; active_section=&#8221;1&#8243; no_fill=&#8221;true&#8221; css=&#8221;.vc_custom_1510752093386{background-color: #e9eae8 !important;}&#8221;][vc_tta_section title=&#8221; Puente sobre implants&#8221; tab_id=&#8221;1510750730570-b5a41a3c-645d&#8221;][vc_column_text]Gr\u00e0cies a l&#8217;evoluci\u00f3 en la t\u00e8cnica\u00a0implantol\u00f3gicas&#8217;aconsegueix una soluci\u00f3 predictible, r\u00e0pida i, sobretot, m\u00e9s efica\u00e7 i duradora[\/vc_column_text][\/vc_tta_section][vc_tta_section title=&#8221; Implant dental unitari&#8221; tab_id=&#8221;1510750730609-2b9919b9-bfbd&#8221;][vc_column_text]Consisteix a recuperar una pe\u00e7a dental de manera artificial, definitiva i fixa. Es tracta d&#8217;un pern que reempla\u00e7a l&#8217;arrel de la dent perduda. Sobre ell s&#8217;instal\u00b7la una corona de porcellana obtenint una pe\u00e7a natural de llarga durada[\/vc_column_text][\/vc_tta_section][vc_tta_section title=&#8221; Implants de c\u00e0rrega immediata&#8221; tab_id=&#8221;1510750858357-5fce7532-49d9&#8243;][vc_column_text]T\u00e8cnica d&#8217;odontologia avan\u00e7ada que permet col\u00b7locar implants i una pr\u00f2tesi fixa en el mateix dia sense necessitat d&#8217;empelts ossis[\/vc_column_text][\/vc_tta_section][vc_tta_section title=&#8221;Tractament de malalties pre-implantaries&#8221; tab_id=&#8221;1510750894165-a4bceb11-768f&#8221;][vc_column_text]Posem a la disposici\u00f3 del client un servei de manteniment i control d&#8217;implants per poder prevenir i detectar a temps aquesta patologia.[\/vc_column_text][\/vc_tta_section][vc_tta_section title=&#8221; Sobredentadura sobre implants dentals&#8221; tab_id=&#8221;1510910900887-9f5e9296-e251&#8243;][vc_column_text]Pr\u00f2tesi completa\u00a0removible,\u00a0mucosoportada\u00a0(que combina suport\u00a0mucos amb l&#8217;ancoratge que ofereixen), ancorada normalment sobre dos a quatre implants amb la finalitat de millorar el suport, la retenci\u00f3 i l&#8217;estabilitat[\/vc_column_text][\/vc_tta_section][vc_tta_section title=&#8221; Pr\u00f2tesi h\u00edbrida sobre implants dentals&#8221; tab_id=&#8221;1510911232200-ee5c7e78-347b&#8221;][vc_column_text]Estructura fixa cargolada sobre implants\u00a0dentals que t\u00e9 com a objectiu reposar les peces dentals i teixits tous -geniva- perduts[\/vc_column_text][\/vc_tta_section][vc_tta_section title=&#8221; Elevaci\u00f3 de si maxil\u00b7lar&#8221; tab_id=&#8221;1510911257115-038f1e59-ef28&#8243;][vc_column_text]Una de les t\u00e8cniques quir\u00fargiques de\u00a0implantolog\u00eda\u00a0m\u00e9s vers\u00e0tils per permetre la col\u00b7locaci\u00f3 d&#8217;implants dentals.\u00a0S&#8217;utilitza quan no hi ha suficient altura \u00f2ssia en el maxil\u00b7lar superior per col\u00b7locar un implant dental[\/vc_column_text][\/vc_tta_section][\/vc_tta_accordion][\/vc_column][\/vc_row][vc_row][vc_column][\/vc_column][\/vc_row]\n<\/div>","protected":false},"excerpt":{"rendered":"<p>[vc_row full_width=&#8221;stretch_row_content&#8221; bg_type=&#8221;image&#8221; parallax_style=&#8221;vcpb-default&#8221; bg_image_new=&#8221;id^1819|url^http:\/\/probocaclinic.com\/wp-content\/uploads\/2017\/11\/IMG_2560.jpg|caption^null|alt^Fondo titulo|title^Fondo titulo|description^null&#8221; bg_image_repeat=&#8221;no-repeat&#8221; css=&#8221;.vc_custom_1510864240481{margin-top: -100px !important;}&#8221;][vc_column][vc_empty_space][vc_custom_heading text=&#8221;IMPLANTOLOGIA&#8221; font_container=&#8221;tag:h3|text_align:center|color:%23ffffff&#8221; use_theme_fonts=&#8221;yes&#8221;][vc_empty_space height=&#8221;60px&#8221;][\/vc_column][\/vc_row][vc_row][vc_column][vc_row_inner][vc_column_inner width=&#8221;1\/2&#8243;][vc_single_image image=&#8221;1843&#8243; img_size=&#8221;full&#8221;][\/vc_column_inner][vc_column_inner width=&#8221;1\/2&#8243;][vc_custom_heading text=&#8221;TRACTAMENTS DE IMPLANTOLOGIA&#8221; font_container=&#8221;tag:h4|text_align:left|color:%2364491b&#8221; use_theme_fonts=&#8221;yes&#8221;][vc_column_text]La\u00a0implantologia\u00a0dental es basa en fixacions de titani col\u00b7locades en l&#8217;os maxil\u00b7lar que fan les funci\u00f3 de l&#8217;arrel de la dent.\u00a0Una vegada col\u00b7locats en l&#8217;os es podran posar diferents tipus de pr\u00f2tesis sobre&#8230;<\/p>\n","protected":false},"author":1,"featured_media":0,"parent":0,"menu_order":0,"comment_status":"closed","ping_status":"closed","template":"","meta":{"footnotes":""},"yoast_head":"<!-- This site is optimized with the Yoast SEO plugin v22.9 - https:\/\/yoast.com\/wordpress\/plugins\/seo\/ -->\n<title>IMPLANTOLOGIA - ProBoca Clinic<\/title>\n<meta name=\"robots\" content=\"index, follow, max-snippet:-1, max-image-preview:large, max-video-preview:-1\" \/>\n<link rel=\"canonical\" href=\"https:\/\/probocaclinic.com\/implantologia\/\" \/>\n<meta property=\"og:locale\" content=\"ca_ES\" \/>\n<meta property=\"og:type\" content=\"article\" \/>\n<meta property=\"og:title\" content=\"IMPLANTOLOGIA - ProBoca Clinic\" \/>\n<meta property=\"og:description\" content=\"[vc_row full_width=&#8221;stretch_row_content&#8221; bg_type=&#8221;image&#8221; parallax_style=&#8221;vcpb-default&#8221; bg_image_new=&#8221;id^1819|url^http:\/\/probocaclinic.com\/wp-content\/uploads\/2017\/11\/IMG_2560.jpg|caption^null|alt^Fondo titulo|title^Fondo titulo|description^null&#8221; bg_image_repeat=&#8221;no-repeat&#8221; css=&#8221;.vc_custom_1510864240481{margin-top: -100px !important;}&#8221;][vc_column][vc_empty_space][vc_custom_heading text=&#8221;IMPLANTOLOGIA&#8221; font_container=&#8221;tag:h3|text_align:center|color:%23ffffff&#8221; use_theme_fonts=&#8221;yes&#8221;][vc_empty_space height=&#8221;60px&#8221;][\/vc_column][\/vc_row][vc_row][vc_column][vc_row_inner][vc_column_inner width=&#8221;1\/2&#8243;][vc_single_image image=&#8221;1843&#8243; img_size=&#8221;full&#8221;][\/vc_column_inner][vc_column_inner width=&#8221;1\/2&#8243;][vc_custom_heading text=&#8221;TRACTAMENTS DE IMPLANTOLOGIA&#8221; font_container=&#8221;tag:h4|text_align:left|color:%2364491b&#8221; use_theme_fonts=&#8221;yes&#8221;][vc_column_text]La\u00a0implantologia\u00a0dental es basa en fixacions de titani col\u00b7locades en l&#8217;os maxil\u00b7lar que fan les funci\u00f3 de l&#8217;arrel de la dent.\u00a0Una vegada col\u00b7locats en l&#8217;os es podran posar diferents tipus de pr\u00f2tesis sobre...\" \/>\n<meta property=\"og:url\" content=\"https:\/\/probocaclinic.com\/implantologia\/\" \/>\n<meta property=\"og:site_name\" content=\"ProBoca Clinic\" \/>\n<meta property=\"article:modified_time\" content=\"2021-05-03T13:22:36+00:00\" \/>\n<meta name=\"twitter:card\" content=\"summary_large_image\" \/>\n<meta name=\"twitter:label1\" content=\"Temps estimat de lectura\" \/>\n\t<meta name=\"twitter:data1\" content=\"3 minuts\" \/>\n<script type=\"application\/ld+json\" class=\"yoast-schema-graph\">{\"@context\":\"https:\/\/schema.org\",\"@graph\":[{\"@type\":\"WebPage\",\"@id\":\"https:\/\/probocaclinic.com\/implantologia\/\",\"url\":\"https:\/\/probocaclinic.com\/implantologia\/\",\"name\":\"IMPLANTOLOGIA - ProBoca Clinic\",\"isPartOf\":{\"@id\":\"https:\/\/probocaclinic.com\/#website\"},\"datePublished\":\"2017-12-16T14:46:41+00:00\",\"dateModified\":\"2021-05-03T13:22:36+00:00\",\"breadcrumb\":{\"@id\":\"https:\/\/probocaclinic.com\/implantologia\/#breadcrumb\"},\"inLanguage\":\"ca\",\"potentialAction\":[{\"@type\":\"ReadAction\",\"target\":[\"https:\/\/probocaclinic.com\/implantologia\/\"]}]},{\"@type\":\"BreadcrumbList\",\"@id\":\"https:\/\/probocaclinic.com\/implantologia\/#breadcrumb\",\"itemListElement\":[{\"@type\":\"ListItem\",\"position\":1,\"name\":\"Portada\",\"item\":\"https:\/\/probocaclinic.com\/\"},{\"@type\":\"ListItem\",\"position\":2,\"name\":\"IMPLANTOLOGIA\"}]},{\"@type\":\"WebSite\",\"@id\":\"https:\/\/probocaclinic.com\/#website\",\"url\":\"https:\/\/probocaclinic.com\/\",\"name\":\"ProBoca Clinic\",\"description\":\"Cl\u00ednica dental\",\"publisher\":{\"@id\":\"https:\/\/probocaclinic.com\/#organization\"},\"potentialAction\":[{\"@type\":\"SearchAction\",\"target\":{\"@type\":\"EntryPoint\",\"urlTemplate\":\"https:\/\/probocaclinic.com\/?s={search_term_string}\"},\"query-input\":\"required name=search_term_string\"}],\"inLanguage\":\"ca\"},{\"@type\":\"Organization\",\"@id\":\"https:\/\/probocaclinic.com\/#organization\",\"name\":\"ProBoca Clinic\",\"url\":\"https:\/\/probocaclinic.com\/\",\"logo\":{\"@type\":\"ImageObject\",\"inLanguage\":\"ca\",\"@id\":\"https:\/\/probocaclinic.com\/#\/schema\/logo\/image\/\",\"url\":\"http:\/\/probocaclinic.com\/wp-content\/uploads\/2017\/11\/ProBoca-logo-sin-fondo-removebg-preview.png\",\"contentUrl\":\"http:\/\/probocaclinic.com\/wp-content\/uploads\/2017\/11\/ProBoca-logo-sin-fondo-removebg-preview.png\",\"width\":1142,\"height\":218,\"caption\":\"ProBoca Clinic\"},\"image\":{\"@id\":\"https:\/\/probocaclinic.com\/#\/schema\/logo\/image\/\"}}]}<\/script>\n<!-- \/ Yoast SEO plugin. -->","yoast_head_json":{"title":"IMPLANTOLOGIA - ProBoca Clinic","robots":{"index":"index","follow":"follow","max-snippet":"max-snippet:-1","max-image-preview":"max-image-preview:large","max-video-preview":"max-video-preview:-1"},"canonical":"https:\/\/probocaclinic.com\/implantologia\/","og_locale":"ca_ES","og_type":"article","og_title":"IMPLANTOLOGIA - ProBoca Clinic","og_description":"[vc_row full_width=&#8221;stretch_row_content&#8221; bg_type=&#8221;image&#8221; parallax_style=&#8221;vcpb-default&#8221; bg_image_new=&#8221;id^1819|url^http:\/\/probocaclinic.com\/wp-content\/uploads\/2017\/11\/IMG_2560.jpg|caption^null|alt^Fondo titulo|title^Fondo titulo|description^null&#8221; bg_image_repeat=&#8221;no-repeat&#8221; css=&#8221;.vc_custom_1510864240481{margin-top: -100px !important;}&#8221;][vc_column][vc_empty_space][vc_custom_heading text=&#8221;IMPLANTOLOGIA&#8221; font_container=&#8221;tag:h3|text_align:center|color:%23ffffff&#8221; use_theme_fonts=&#8221;yes&#8221;][vc_empty_space height=&#8221;60px&#8221;][\/vc_column][\/vc_row][vc_row][vc_column][vc_row_inner][vc_column_inner width=&#8221;1\/2&#8243;][vc_single_image image=&#8221;1843&#8243; img_size=&#8221;full&#8221;][\/vc_column_inner][vc_column_inner width=&#8221;1\/2&#8243;][vc_custom_heading text=&#8221;TRACTAMENTS DE IMPLANTOLOGIA&#8221; font_container=&#8221;tag:h4|text_align:left|color:%2364491b&#8221; use_theme_fonts=&#8221;yes&#8221;][vc_column_text]La\u00a0implantologia\u00a0dental es basa en fixacions de titani col\u00b7locades en l&#8217;os maxil\u00b7lar que fan les funci\u00f3 de l&#8217;arrel de la dent.\u00a0Una vegada col\u00b7locats en l&#8217;os es podran posar diferents tipus de pr\u00f2tesis sobre...","og_url":"https:\/\/probocaclinic.com\/implantologia\/","og_site_name":"ProBoca Clinic","article_modified_time":"2021-05-03T13:22:36+00:00","twitter_card":"summary_large_image","twitter_misc":{"Temps estimat de lectura":"3 minuts"},"schema":{"@context":"https:\/\/schema.org","@graph":[{"@type":"WebPage","@id":"https:\/\/probocaclinic.com\/implantologia\/","url":"https:\/\/probocaclinic.com\/implantologia\/","name":"IMPLANTOLOGIA - ProBoca Clinic","isPartOf":{"@id":"https:\/\/probocaclinic.com\/#website"},"datePublished":"2017-12-16T14:46:41+00:00","dateModified":"2021-05-03T13:22:36+00:00","breadcrumb":{"@id":"https:\/\/probocaclinic.com\/implantologia\/#breadcrumb"},"inLanguage":"ca","potentialAction":[{"@type":"ReadAction","target":["https:\/\/probocaclinic.com\/implantologia\/"]}]},{"@type":"BreadcrumbList","@id":"https:\/\/probocaclinic.com\/implantologia\/#breadcrumb","itemListElement":[{"@type":"ListItem","position":1,"name":"Portada","item":"https:\/\/probocaclinic.com\/"},{"@type":"ListItem","position":2,"name":"IMPLANTOLOGIA"}]},{"@type":"WebSite","@id":"https:\/\/probocaclinic.com\/#website","url":"https:\/\/probocaclinic.com\/","name":"ProBoca Clinic","description":"Cl\u00ednica dental","publisher":{"@id":"https:\/\/probocaclinic.com\/#organization"},"potentialAction":[{"@type":"SearchAction","target":{"@type":"EntryPoint","urlTemplate":"https:\/\/probocaclinic.com\/?s={search_term_string}"},"query-input":"required name=search_term_string"}],"inLanguage":"ca"},{"@type":"Organization","@id":"https:\/\/probocaclinic.com\/#organization","name":"ProBoca Clinic","url":"https:\/\/probocaclinic.com\/","logo":{"@type":"ImageObject","inLanguage":"ca","@id":"https:\/\/probocaclinic.com\/#\/schema\/logo\/image\/","url":"http:\/\/probocaclinic.com\/wp-content\/uploads\/2017\/11\/ProBoca-logo-sin-fondo-removebg-preview.png","contentUrl":"http:\/\/probocaclinic.com\/wp-content\/uploads\/2017\/11\/ProBoca-logo-sin-fondo-removebg-preview.png","width":1142,"height":218,"caption":"ProBoca Clinic"},"image":{"@id":"https:\/\/probocaclinic.com\/#\/schema\/logo\/image\/"}}]}},"_links":{"self":[{"href":"https:\/\/probocaclinic.com\/ca\/wp-json\/wp\/v2\/pages\/1958"}],"collection":[{"href":"https:\/\/probocaclinic.com\/ca\/wp-json\/wp\/v2\/pages"}],"about":[{"href":"https:\/\/probocaclinic.com\/ca\/wp-json\/wp\/v2\/types\/page"}],"author":[{"embeddable":true,"href":"https:\/\/probocaclinic.com\/ca\/wp-json\/wp\/v2\/users\/1"}],"replies":[{"embeddable":true,"href":"https:\/\/probocaclinic.com\/ca\/wp-json\/wp\/v2\/comments?post=1958"}],"version-history":[{"count":3,"href":"https:\/\/probocaclinic.com\/ca\/wp-json\/wp\/v2\/pages\/1958\/revisions"}],"predecessor-version":[{"id":2035,"href":"https:\/\/probocaclinic.com\/ca\/wp-json\/wp\/v2\/pages\/1958\/revisions\/2035"}],"wp:attachment":[{"href":"https:\/\/probocaclinic.com\/ca\/wp-json\/wp\/v2\/media?parent=1958"}],"curies":[{"name":"wp","href":"https:\/\/api.w.org\/{rel}","templated":true}]}}